{"id":31,"date":"2024-10-01T21:19:40","date_gmt":"2024-10-01T21:19:40","guid":{"rendered":"https:\/\/new.finaobiotech.com\/?page_id=31"},"modified":"2024-10-03T11:52:31","modified_gmt":"2024-10-03T11:52:31","slug":"inicio","status":"publish","type":"page","link":"https:\/\/finaobiotech.com\/en\/","title":{"rendered":"Inicio"},"content":{"rendered":"<div class=\"wpb-content-wrapper\"><div data-parent=\"true\" class=\"vc_row row-container\" id=\"row-unique-0\"><div class=\"row-background background-element\">\n\t\t\t\t\t\t\t\t\t\t\t<div class=\"background-wrapper\">\n\t\t\t\t\t\t\t\t\t\t\t\t<div class=\"background-inner self-video uncode-video-container\" style=\"background-image: url(https:\/\/finaobiotech.com\/wp-content\/uploads\/2024\/10\/main_background.jpg);background-repeat: no-repeat;background-position: center center;background-attachment: scroll;background-size: cover;\"><div style=\"width: 640px;\" class=\"wp-video\"><video onloadeddata=\"this.play();\" loop playsinline muted data-keepplaying class=\"background-video-shortcode\" data-ratio=\"1.7777777777778\" id=\"video-31-1\" width=\"640\" height=\"360\" preload=\"metadata\" ><source type=\"video\/mp4\" src=\"https:\/\/finaobiotech.com\/wp-content\/uploads\/2024\/10\/home_sequence.mp4?_=1\" \/><a href=\"https:\/\/finaobiotech.com\/wp-content\/uploads\/2024\/10\/home_sequence.mp4\">https:\/\/finaobiotech.com\/wp-content\/uploads\/2024\/10\/home_sequence.mp4<\/a><\/video><\/div><\/div>\n\t\t\t\t\t\t\t\t\t\t\t\t\n\t\t\t\t\t\t\t\t\t\t\t<\/div>\n\t\t\t\t\t\t\t\t\t\t<\/div><div class=\"row limit-width row-parent\" data-height-ratio=\"60\"><div class=\"wpb_row row-inner\"><div class=\"wpb_column pos-middle pos-center align_left column_parent col-lg-12 no-internal-gutter\"><div class=\"uncol style-dark\"  ><div class=\"uncoltable\"><div class=\"uncell no-block-padding\" ><div class=\"uncont\" ><div class=\"vc_custom_heading_wrap\"><div class=\"heading-text el-text\" ><h1 class=\"h1\" ><span>Welcome to FINAO Biotech<\/span><\/h1><\/div><div class=\"clear\"><\/div><\/div><div class=\"vc_custom_heading_wrap\"><div class=\"heading-text el-text\" ><h2 class=\"h2 font-weight-400\" ><span>Inspired by our past, driven by our future.<\/span><\/h2><\/div><div class=\"clear\"><\/div><\/div><\/div><\/div><\/div><\/div><\/div><script id=\"script-row-unique-0\" data-row=\"script-row-unique-0\" type=\"text\/javascript\" class=\"vc_controls\">UNCODE.initRow(document.getElementById(\"row-unique-0\"));<\/script><\/div><\/div><\/div><div data-parent=\"true\" class=\"vc_row row-container\" id=\"row-unique-1\"><div class=\"row limit-width row-parent\"><div class=\"wpb_row row-inner\"><div class=\"wpb_column pos-top pos-center align_left column_parent col-lg-12 single-internal-gutter\"><div class=\"uncol style-light\"  ><div class=\"uncoltable\"><div class=\"uncell no-block-padding\" ><div class=\"uncont\" ><div class=\"vc_custom_heading_wrap title-background\"><div class=\"heading-text el-text\" ><h2 class=\"h2 text-color-xsdn-color\" ><span>About us<\/span><\/h2><\/div><div class=\"clear\"><\/div><\/div><div class=\"uncode_text_column text-justify\" ><p>FINAO Biotech is a pharmaceutical company specializing in biotechnology, based in Portalegre, Portugal with global reach. Our goal is to serve, to improve the quality of life of our customers through a range of innovative products based on sustainable development, production, distribution and commercialization of medicines, innovative medical devices, cosmetics and food supplements.<\/p>\n<\/div><\/div><\/div><\/div><\/div><\/div><script id=\"script-row-unique-1\" data-row=\"script-row-unique-1\" type=\"text\/javascript\" class=\"vc_controls\">UNCODE.initRow(document.getElementById(\"row-unique-1\"));<\/script><\/div><\/div><\/div><div data-parent=\"true\" class=\"vc_row row-container\" id=\"row-unique-2\"><div class=\"row limit-width row-parent\"><div class=\"wpb_row row-inner\"><div class=\"wpb_column pos-top pos-center align_left column_parent col-lg-12 single-internal-gutter\"><div class=\"uncol style-light\"  ><div class=\"uncoltable\"><div class=\"uncell no-block-padding\" ><div class=\"uncont\" ><div class=\"vc_custom_heading_wrap title-background\"><div class=\"heading-text el-text\" ><h2 class=\"h2 text-color-xsdn-color\" ><span>Our mission<\/span><\/h2><\/div><div class=\"clear\"><\/div><\/div><div class=\"uncode_text_column text-justify\" ><p>Our mission is to SERVE!<\/p>\n<\/div><\/div><\/div><\/div><\/div><\/div><script id=\"script-row-unique-2\" data-row=\"script-row-unique-2\" type=\"text\/javascript\" class=\"vc_controls\">UNCODE.initRow(document.getElementById(\"row-unique-2\"));<\/script><\/div><\/div><\/div><div data-parent=\"true\" class=\"vc_row row-container\" id=\"row-unique-3\"><div class=\"row limit-width row-parent\"><div class=\"wpb_row row-inner\"><div class=\"wpb_column pos-top pos-center align_left column_parent col-lg-12 single-internal-gutter\"><div class=\"uncol style-light\"  ><div class=\"uncoltable\"><div class=\"uncell no-block-padding\" ><div class=\"uncont\" ><div class=\"vc_custom_heading_wrap title-background\"><div class=\"heading-text el-text\" ><h2 class=\"h2 text-color-xsdn-color\" ><span>Sustainable Growth<\/span><\/h2><\/div><div class=\"clear\"><\/div><\/div><div class=\"uncode_text_column text-justify\" ><p>At FINAO Biotech we care about society and the environment. Our innovative medical products, and highly efficient, reflect our concerns and represent our strength in doing more and better, combining technology with the environment and society. Words like efficiency and sustainability have accompanied our company. The search for the best pharmaceutical development solutions has made FINAO Biotech's portfolio broader, with a range of innovative products.<\/p>\n<\/div><\/div><\/div><\/div><\/div><\/div><script id=\"script-row-unique-3\" data-row=\"script-row-unique-3\" type=\"text\/javascript\" class=\"vc_controls\">UNCODE.initRow(document.getElementById(\"row-unique-3\"));<\/script><\/div><\/div><\/div>\n<\/div>","protected":false},"excerpt":{"rendered":"https:\/\/finaobiotech.com\/wp-content\/uploads\/2024\/10\/home_sequence.mp4 Bem-vindo \u00e0 FINAO BiotechInspired by our past, driven by our future.Quem SomosA FINAO Biotech \u00e9 uma empresa farmac\u00eautica especializada [...]","protected":false},"author":1,"featured_media":0,"parent":0,"menu_order":0,"comment_status":"closed","ping_status":"closed","template":"","meta":{"footnotes":""},"class_list":["post-31","page","type-page","status-publish","hentry"],"_links":{"self":[{"href":"https:\/\/finaobiotech.com\/en\/wp-json\/wp\/v2\/pages\/31","targetHints":{"allow":["GET"]}}],"collection":[{"href":"https:\/\/finaobiotech.com\/en\/wp-json\/wp\/v2\/pages"}],"about":[{"href":"https:\/\/finaobiotech.com\/en\/wp-json\/wp\/v2\/types\/page"}],"author":[{"embeddable":true,"href":"https:\/\/finaobiotech.com\/en\/wp-json\/wp\/v2\/users\/1"}],"replies":[{"embeddable":true,"href":"https:\/\/finaobiotech.com\/en\/wp-json\/wp\/v2\/comments?post=31"}],"version-history":[{"count":22,"href":"https:\/\/finaobiotech.com\/en\/wp-json\/wp\/v2\/pages\/31\/revisions"}],"predecessor-version":[{"id":179,"href":"https:\/\/finaobiotech.com\/en\/wp-json\/wp\/v2\/pages\/31\/revisions\/179"}],"wp:attachment":[{"href":"https:\/\/finaobiotech.com\/en\/wp-json\/wp\/v2\/media?parent=31"}],"curies":[{"name":"wp","href":"https:\/\/api.w.org\/{rel}","templated":true}]}}