{"id":95,"date":"2024-10-01T23:02:15","date_gmt":"2024-10-01T23:02:15","guid":{"rendered":"https:\/\/new.finaobiotech.com\/?page_id=95"},"modified":"2024-10-02T14:06:03","modified_gmt":"2024-10-02T14:06:03","slug":"izyfoods-articulacoes","status":"publish","type":"page","link":"https:\/\/finaobiotech.com\/en\/produtos\/izyfoods-articulacoes\/","title":{"rendered":"Izyfoods\u00ae Joints"},"content":{"rendered":"<div class=\"wpb-content-wrapper\"><div data-parent=\"true\" class=\"vc_row row-container\" id=\"row-unique-0\"><div class=\"row limit-width row-parent\"><div class=\"wpb_row row-inner\"><div class=\"wpb_column pos-top pos-center align_left column_parent col-lg-12 single-internal-gutter\"><div class=\"uncol style-light\"  ><div class=\"uncoltable\"><div class=\"uncell no-block-padding\" ><div class=\"uncont\" ><div class=\"vc_custom_heading_wrap\"><div class=\"heading-text el-text\" ><h1 class=\"h1\" ><span>Izyfoods\u00ae Joints<\/span><\/h1><\/div><div class=\"clear\"><\/div><\/div><div class=\"vc_row row-internal row-container\"><div class=\"row row-child\"><div class=\"wpb_row row-inner\"><div class=\"wpb_column pos-top pos-center align_left column_child col-lg-3 single-internal-gutter\"><div class=\"uncol style-light\" ><div class=\"uncoltable\"><div class=\"uncell no-block-padding\" ><div class=\"uncont\" ><div class=\"uncode-single-media  text-left\"><div class=\"single-wrapper\" style=\"max-width: 100%;\"><div class=\"tmb tmb-light  tmb-media-first tmb-media-last tmb-content-overlay tmb-no-bg\"><div class=\"t-inside\"><div class=\"t-entry-visual\"><div class=\"t-entry-visual-tc\"><div class=\"uncode-single-media-wrapper\"><img decoding=\"async\" class=\"wp-image-68\" src=\"https:\/\/finaobiotech.com\/wp-content\/uploads\/2024\/10\/izyfoods-articulacoes-copy-500x500-1.png\" width=\"500\" height=\"500\" alt=\"\" srcset=\"https:\/\/finaobiotech.com\/wp-content\/uploads\/2024\/10\/izyfoods-articulacoes-copy-500x500-1.png 500w, https:\/\/finaobiotech.com\/wp-content\/uploads\/2024\/10\/izyfoods-articulacoes-copy-500x500-1-300x300.png 300w, https:\/\/finaobiotech.com\/wp-content\/uploads\/2024\/10\/izyfoods-articulacoes-copy-500x500-1-150x150.png 150w, https:\/\/finaobiotech.com\/wp-content\/uploads\/2024\/10\/izyfoods-articulacoes-copy-500x500-1-350x350.png 350w, https:\/\/finaobiotech.com\/wp-content\/uploads\/2024\/10\/izyfoods-articulacoes-copy-500x500-1-348x348.png 348w\" sizes=\"(max-width: 500px) 100vw, 500px\" \/><\/div>\n\t\t\t\t\t<\/div>\n\t\t\t\t<\/div><\/div><\/div><\/div><\/div><\/div><\/div><\/div><\/div><\/div><div class=\"wpb_column pos-top pos-center align_left column_child col-lg-9 single-internal-gutter\"><div class=\"uncol style-light\" ><div class=\"uncoltable\"><div class=\"uncell no-block-padding\" ><div class=\"uncont\" ><\/div><\/div><\/div><\/div><\/div><\/div><\/div><\/div><div class=\"uncode_text_column text-justify\" ><p>An innovative food supplement that combines UC-II\u00ae with the natural anti-inflammatory bromelain and vitamin C.<\/p>\n<p>UC-II\u00ae is a collagen extracted using a patented method that preserves its bioactive tertiary structure.<\/p>\n<p>The preservation of the tertiary structure is essential to its activity.<\/p>\n<p>UC-II\u00ae binds to Peyer's patches, allowing it to be absorbed into the body. Natural absorption induces the production of T-cells that produce essential substances for cartilage rebuilding.<\/p>\n<p>The natural process of cartilage reconstruction and reparation improves flexibility and mobility.  Bromelain, known for its anti-inflammatory properties, aids in the recovery of joints and muscles.<\/p>\n<p>As a natural anti-inflammatory, bromelain does not cause side effects like stomach pain, which are common with other antiinflammatory medications.<\/p>\n<p>Additionally, it avoids potential drug interactions. Vitamin C promotes the fixation and synthesis of collagen<\/p>\n<p>Izyfoods\u00aeJoints reduces inflammation, promotes joint comfort increasing flexibility and promotes cartilage rebuilding.<\/p>\n<\/div><\/div><\/div><\/div><\/div><\/div><script id=\"script-row-unique-0\" data-row=\"script-row-unique-0\" type=\"text\/javascript\" class=\"vc_controls\">UNCODE.initRow(document.getElementById(\"row-unique-0\"));<\/script><\/div><\/div><\/div>\n<\/div>","protected":false},"excerpt":{"rendered":"Izyfoods\u00ae Articula\u00e7\u00f5es Um suplemento alimentar inovador que associa o UC-II\u00ae ao antiinflamat\u00f3rio natural bromela\u00edna e \u00e0 vitamina C. O UC-II\u00ae [...]","protected":false},"author":1,"featured_media":0,"parent":62,"menu_order":0,"comment_status":"closed","ping_status":"closed","template":"","meta":{"footnotes":""},"class_list":["post-95","page","type-page","status-publish","hentry"],"_links":{"self":[{"href":"https:\/\/finaobiotech.com\/en\/wp-json\/wp\/v2\/pages\/95","targetHints":{"allow":["GET"]}}],"collection":[{"href":"https:\/\/finaobiotech.com\/en\/wp-json\/wp\/v2\/pages"}],"about":[{"href":"https:\/\/finaobiotech.com\/en\/wp-json\/wp\/v2\/types\/page"}],"author":[{"embeddable":true,"href":"https:\/\/finaobiotech.com\/en\/wp-json\/wp\/v2\/users\/1"}],"replies":[{"embeddable":true,"href":"https:\/\/finaobiotech.com\/en\/wp-json\/wp\/v2\/comments?post=95"}],"version-history":[{"count":5,"href":"https:\/\/finaobiotech.com\/en\/wp-json\/wp\/v2\/pages\/95\/revisions"}],"predecessor-version":[{"id":158,"href":"https:\/\/finaobiotech.com\/en\/wp-json\/wp\/v2\/pages\/95\/revisions\/158"}],"up":[{"embeddable":true,"href":"https:\/\/finaobiotech.com\/en\/wp-json\/wp\/v2\/pages\/62"}],"wp:attachment":[{"href":"https:\/\/finaobiotech.com\/en\/wp-json\/wp\/v2\/media?parent=95"}],"curies":[{"name":"wp","href":"https:\/\/api.w.org\/{rel}","templated":true}]}}