{"id":98,"date":"2024-10-01T23:04:37","date_gmt":"2024-10-01T23:04:37","guid":{"rendered":"https:\/\/new.finaobiotech.com\/?page_id=98"},"modified":"2024-10-03T11:57:56","modified_gmt":"2024-10-03T11:57:56","slug":"izyfoods-colesterol","status":"publish","type":"page","link":"https:\/\/finaobiotech.com\/en\/produtos\/izyfoods-colesterol\/","title":{"rendered":"Izyfoods\u00ae Cholesterol"},"content":{"rendered":"<div class=\"wpb-content-wrapper\"><div data-parent=\"true\" class=\"vc_row row-container\" id=\"row-unique-0\"><div class=\"row limit-width row-parent\"><div class=\"wpb_row row-inner\"><div class=\"wpb_column pos-top pos-center align_left column_parent col-lg-12 single-internal-gutter\"><div class=\"uncol style-light\"  ><div class=\"uncoltable\"><div class=\"uncell no-block-padding\" ><div class=\"uncont\" ><div class=\"vc_custom_heading_wrap\"><div class=\"heading-text el-text\" ><h1 class=\"h1\" ><span>Izyfoods\u00ae Cholesterol<\/span><\/h1><\/div><div class=\"clear\"><\/div><\/div><div class=\"vc_row row-internal row-container\"><div class=\"row row-child\"><div class=\"wpb_row row-inner\"><div class=\"wpb_column pos-top pos-center align_left column_child col-lg-3 single-internal-gutter\"><div class=\"uncol style-light\" ><div class=\"uncoltable\"><div class=\"uncell no-block-padding\" ><div class=\"uncont\" ><div class=\"uncode-single-media  text-left\"><div class=\"single-wrapper\" style=\"max-width: 100%;\"><div class=\"tmb tmb-light  tmb-media-first tmb-media-last tmb-content-overlay tmb-no-bg\"><div class=\"t-inside\"><div class=\"t-entry-visual\"><div class=\"t-entry-visual-tc\"><div class=\"uncode-single-media-wrapper\"><img decoding=\"async\" class=\"wp-image-67\" src=\"https:\/\/finaobiotech.com\/wp-content\/uploads\/2024\/10\/iZYFOODS_web-350x350-1.png\" width=\"350\" height=\"350\" alt=\"\" srcset=\"https:\/\/finaobiotech.com\/wp-content\/uploads\/2024\/10\/iZYFOODS_web-350x350-1.png 350w, https:\/\/finaobiotech.com\/wp-content\/uploads\/2024\/10\/iZYFOODS_web-350x350-1-300x300.png 300w, https:\/\/finaobiotech.com\/wp-content\/uploads\/2024\/10\/iZYFOODS_web-350x350-1-150x150.png 150w, https:\/\/finaobiotech.com\/wp-content\/uploads\/2024\/10\/iZYFOODS_web-350x350-1-348x348.png 348w\" sizes=\"(max-width: 350px) 100vw, 350px\" \/><\/div>\n\t\t\t\t\t<\/div>\n\t\t\t\t<\/div><\/div><\/div><\/div><\/div><\/div><\/div><\/div><\/div><\/div><div class=\"wpb_column pos-top pos-center align_left column_child col-lg-9 single-internal-gutter\"><div class=\"uncol style-light\" ><div class=\"uncoltable\"><div class=\"uncell no-block-padding\" ><div class=\"uncont\" ><\/div><\/div><\/div><\/div><\/div><\/div><\/div><\/div><div class=\"uncode_text_column text-justify\" ><p>A food supplement containing black garlic and red yeast rice (Monocolin K), it contains a high level of antioxidant properties and contributes to the proper functioning of the heart.<br \/>\nIt may help reduce cholesterol, improve blood pressure and boost the immune system.<br \/>\nMonocolin K acts as a competitive inhibitor of HMG-CoA reductase.<br \/>\nHMG-CoA reductase is crucial for cholesterol biosynthesis, converting HMG-CoA into mevalonic acid, a crucial step in the production of cholesterol in the liver.<br \/>\nMonocolin K inhibits HMG-CoA reductase, reducing the synthesis of endogenous cholesterol.<br \/>\nAs a consequence, the liver increases its absorption of LDL cholesterol from the bloodstream, leading to lower blood LDL cholesterol levels contributing to the prevention of cardiovascular diseases.<br \/>\nBlack garlic contains antioxidant compounds that are formed during the fermentation process of fresh garlic.<br \/>\nAntioxidants such as S-acetylcystine help fight oxidative stress, protecting cells from damage caused by free radicals.<br \/>\nBlack garlic can improve blood circulation, blood vessel function promoting an improvement in blood pressure.<\/p>\n<p>Izyfoods\u00ae Cholesterol helps lower cholesterol, supports heart health, and promotes healthy blood pressure, all while boosting the immune system with powerful antioxidants.<\/p>\n<\/div><\/div><\/div><\/div><\/div><\/div><script id=\"script-row-unique-0\" data-row=\"script-row-unique-0\" type=\"text\/javascript\" class=\"vc_controls\">UNCODE.initRow(document.getElementById(\"row-unique-0\"));<\/script><\/div><\/div><\/div>\n<\/div>","protected":false},"excerpt":{"rendered":"Izyfoods\u00ae Colesterol Suplemento alimentar que cont\u00e9m alho negro e levedura de arroz vermelho (Monocolina K), cont\u00e9m um elevado n\u00edvel de [...]","protected":false},"author":1,"featured_media":0,"parent":62,"menu_order":0,"comment_status":"closed","ping_status":"closed","template":"","meta":{"footnotes":""},"class_list":["post-98","page","type-page","status-publish","hentry"],"_links":{"self":[{"href":"https:\/\/finaobiotech.com\/en\/wp-json\/wp\/v2\/pages\/98","targetHints":{"allow":["GET"]}}],"collection":[{"href":"https:\/\/finaobiotech.com\/en\/wp-json\/wp\/v2\/pages"}],"about":[{"href":"https:\/\/finaobiotech.com\/en\/wp-json\/wp\/v2\/types\/page"}],"author":[{"embeddable":true,"href":"https:\/\/finaobiotech.com\/en\/wp-json\/wp\/v2\/users\/1"}],"replies":[{"embeddable":true,"href":"https:\/\/finaobiotech.com\/en\/wp-json\/wp\/v2\/comments?post=98"}],"version-history":[{"count":3,"href":"https:\/\/finaobiotech.com\/en\/wp-json\/wp\/v2\/pages\/98\/revisions"}],"predecessor-version":[{"id":184,"href":"https:\/\/finaobiotech.com\/en\/wp-json\/wp\/v2\/pages\/98\/revisions\/184"}],"up":[{"embeddable":true,"href":"https:\/\/finaobiotech.com\/en\/wp-json\/wp\/v2\/pages\/62"}],"wp:attachment":[{"href":"https:\/\/finaobiotech.com\/en\/wp-json\/wp\/v2\/media?parent=98"}],"curies":[{"name":"wp","href":"https:\/\/api.w.org\/{rel}","templated":true}]}}