{"id":108,"date":"2024-10-01T23:23:08","date_gmt":"2024-10-01T23:23:08","guid":{"rendered":"https:\/\/new.finaobiotech.com\/?page_id=108"},"modified":"2024-10-02T13:21:27","modified_gmt":"2024-10-02T13:21:27","slug":"noticias","status":"publish","type":"page","link":"https:\/\/finaobiotech.com\/es\/noticias\/","title":{"rendered":"Noticias"},"content":{"rendered":"<div class=\"wpb-content-wrapper\"><div data-parent=\"true\" class=\"vc_row row-container\" id=\"row-unique-0\"><div class=\"row limit-width row-parent\"><div class=\"wpb_row row-inner\"><div class=\"wpb_column pos-top pos-center align_left column_parent col-lg-3 single-internal-gutter\"><div class=\"uncol style-light\"  ><div class=\"uncoltable\"><div class=\"uncell no-block-padding\" ><div class=\"uncont\" ><\/div><\/div><\/div><\/div><\/div><div class=\"wpb_column pos-top pos-center align_left column_parent col-lg-6 single-internal-gutter\"><div class=\"uncol style-light\"  ><div class=\"uncoltable\"><div class=\"uncell no-block-padding\" ><div class=\"uncont\" ><div class=\"uncode-single-media  text-left\"><div class=\"single-wrapper\" style=\"max-width: 100%;\"><div class=\"tmb tmb-light  tmb-media-first tmb-media-last tmb-content-overlay tmb-no-bg\"><div class=\"t-inside\"><div class=\"t-entry-visual\"><div class=\"t-entry-visual-tc\"><div class=\"uncode-single-media-wrapper\"><img decoding=\"async\" class=\"wp-image-109\" src=\"https:\/\/finaobiotech.com\/wp-content\/uploads\/2024\/10\/NEWSIMAE-768x308-1.png\" width=\"768\" height=\"308\" alt=\"\" srcset=\"https:\/\/finaobiotech.com\/wp-content\/uploads\/2024\/10\/NEWSIMAE-768x308-1.png 768w, https:\/\/finaobiotech.com\/wp-content\/uploads\/2024\/10\/NEWSIMAE-768x308-1-300x120.png 300w, https:\/\/finaobiotech.com\/wp-content\/uploads\/2024\/10\/NEWSIMAE-768x308-1-350x140.png 350w\" sizes=\"(max-width: 768px) 100vw, 768px\" \/><\/div>\n\t\t\t\t\t<\/div>\n\t\t\t\t<\/div><\/div><\/div><\/div><\/div><\/div><\/div><\/div><\/div><\/div><div class=\"wpb_column pos-top pos-center align_left column_parent col-lg-3 single-internal-gutter\"><div class=\"uncol style-light\"  ><div class=\"uncoltable\"><div class=\"uncell no-block-padding\" ><div class=\"uncont\" ><\/div><\/div><\/div><\/div><\/div><script id=\"script-row-unique-0\" data-row=\"script-row-unique-0\" type=\"text\/javascript\" class=\"vc_controls\">UNCODE.initRow(document.getElementById(\"row-unique-0\"));<\/script><\/div><\/div><\/div><div data-parent=\"true\" class=\"vc_row row-container\" id=\"row-unique-1\"><div class=\"row limit-width row-parent\"><div class=\"wpb_row row-inner\"><div class=\"wpb_column pos-top pos-center align_left column_parent col-lg-12 single-internal-gutter\"><div class=\"uncol style-light\"  ><div class=\"uncoltable\"><div class=\"uncell no-block-padding\" ><div class=\"uncont\" ><div class=\"vc_row row-internal row-container\"><div class=\"row unequal row-child\"><div class=\"wpb_row row-inner\"><div class=\"wpb_column pos-top pos-center align_left column_child col-lg-6 single-internal-gutter\"><div class=\"uncol style-light\" ><div class=\"uncoltable\"><div class=\"uncell no-block-padding\" ><div class=\"uncont\" ><div class=\"vc_custom_heading_wrap\"><div class=\"heading-text el-text\" ><h2 class=\"h2 text-color-126398-color\" ><span>Finao Biotech en la 7\u00aa edici\u00f3n del evento Exportador del Mes de la C\u00e1mara de Comercio e Industria de Portugal<\/span><\/h2><\/div><div class=\"clear\"><\/div><\/div><div class=\"uncode-single-media  text-left\"><div class=\"single-wrapper\" style=\"max-width: 100%;\"><div class=\"tmb tmb-light  tmb-media-first tmb-media-last tmb-content-overlay tmb-no-bg\"><div class=\"t-inside\"><div class=\"t-entry-visual\"><div class=\"t-entry-visual-tc\"><div class=\"uncode-single-media-wrapper\"><img decoding=\"async\" class=\"wp-image-110\" src=\"https:\/\/finaobiotech.com\/wp-content\/uploads\/2024\/10\/460x230_noticia_delta-2048x1152-1.png\" width=\"2048\" height=\"1152\" alt=\"\" srcset=\"https:\/\/finaobiotech.com\/wp-content\/uploads\/2024\/10\/460x230_noticia_delta-2048x1152-1.png 2048w, https:\/\/finaobiotech.com\/wp-content\/uploads\/2024\/10\/460x230_noticia_delta-2048x1152-1-300x169.png 300w, https:\/\/finaobiotech.com\/wp-content\/uploads\/2024\/10\/460x230_noticia_delta-2048x1152-1-1024x576.png 1024w, https:\/\/finaobiotech.com\/wp-content\/uploads\/2024\/10\/460x230_noticia_delta-2048x1152-1-768x432.png 768w, https:\/\/finaobiotech.com\/wp-content\/uploads\/2024\/10\/460x230_noticia_delta-2048x1152-1-1536x864.png 1536w, https:\/\/finaobiotech.com\/wp-content\/uploads\/2024\/10\/460x230_noticia_delta-2048x1152-1-350x197.png 350w\" sizes=\"(max-width: 2048px) 100vw, 2048px\" \/><\/div>\n\t\t\t\t\t<\/div>\n\t\t\t\t<\/div><\/div><\/div><\/div><\/div><div class=\"uncode_text_column text-lead\" ><p>Delta Caf\u00e9s abri\u00f3 sus puertas a la 7\u00aa edici\u00f3n del evento Exportador del Mes de la C\u00e1mara de Comercio y la Industria Portuguesa.<\/p>\n<\/div><span class=\"btn-container\" ><a href=\"https:\/\/www.ccip.pt\/pt\/menu-media\/noticias\/\/2573-a-delta-cafes-abriu-as-portas-a-7-edicao-do-evento-exportador-do-mes-da-camara-de-comercio-e-industria-portuguesa\" class=\"custom-link btn border-width-0 btn-color-126398 btn-icon-left\" target=\"_blank\">M\u00e1s informaci\u00f3n<\/a><\/span><\/div><\/div><\/div><\/div><\/div><div class=\"wpb_column pos-top pos-center align_left column_child col-lg-6 single-internal-gutter\"><div class=\"uncol style-light\" ><div class=\"uncoltable\"><div class=\"uncell no-block-padding\" ><div class=\"uncont\" ><div class=\"vc_custom_heading_wrap\"><div class=\"heading-text el-text\" ><h2 class=\"h2 text-color-126398-color\" ><span>Foro PYME Innovaci\u00f3n del Proyecto INOVAR+2.0 Fomento de la Innovaci\u00f3n en la Regi\u00f3n del Alentejo<\/span><\/h2><\/div><div class=\"clear\"><\/div><\/div><div class=\"uncode-single-media  text-left\"><div class=\"single-wrapper\" style=\"max-width: 100%;\"><div class=\"tmb tmb-light  tmb-media-first tmb-media-last tmb-content-overlay tmb-no-bg\"><div class=\"t-inside\"><div class=\"t-entry-visual\"><div class=\"t-entry-visual-tc\"><div class=\"uncode-single-media-wrapper\"><img decoding=\"async\" class=\"wp-image-114\" src=\"https:\/\/finaobiotech.com\/wp-content\/uploads\/2024\/10\/RTJTDFJ-1024x576-1.png\" width=\"1024\" height=\"576\" alt=\"\" srcset=\"https:\/\/finaobiotech.com\/wp-content\/uploads\/2024\/10\/RTJTDFJ-1024x576-1.png 1024w, https:\/\/finaobiotech.com\/wp-content\/uploads\/2024\/10\/RTJTDFJ-1024x576-1-300x169.png 300w, https:\/\/finaobiotech.com\/wp-content\/uploads\/2024\/10\/RTJTDFJ-1024x576-1-768x432.png 768w, https:\/\/finaobiotech.com\/wp-content\/uploads\/2024\/10\/RTJTDFJ-1024x576-1-350x197.png 350w\" sizes=\"(max-width: 1024px) 100vw, 1024px\" \/><\/div>\n\t\t\t\t\t<\/div>\n\t\t\t\t<\/div><\/div><\/div><\/div><\/div><div class=\"uncode_text_column text-lead\" ><p>En el marco del proyecto INOVAR+2.0 \u2013 Fomento de la Innovaci\u00f3n en la Regi\u00f3n del Alentejo, el 26 de julio se celebr\u00f3 en la sede de  NERE, en \u00c9vora, el FORO INNOVACI\u00d3N PYME.<\/p>\n<\/div><\/div><\/div><\/div><\/div><\/div><\/div><\/div><\/div><\/div><\/div><\/div><\/div><\/div><script id=\"script-row-unique-1\" data-row=\"script-row-unique-1\" type=\"text\/javascript\" class=\"vc_controls\">UNCODE.initRow(document.getElementById(\"row-unique-1\"));<\/script><\/div><\/div><\/div>\n<\/div>","protected":false},"excerpt":{"rendered":"Finao Biotech presente na 7\u00aa Edi\u00e7\u00e3o do evento Exportador do m\u00eas da c\u00e2mara de com\u00e9rcio ind\u00fastria portuguesa A Delta Caf\u00e9s [...]","protected":false},"author":1,"featured_media":0,"parent":0,"menu_order":0,"comment_status":"closed","ping_status":"closed","template":"","meta":{"footnotes":""},"class_list":["post-108","page","type-page","status-publish","hentry"],"_links":{"self":[{"href":"https:\/\/finaobiotech.com\/es\/wp-json\/wp\/v2\/pages\/108","targetHints":{"allow":["GET"]}}],"collection":[{"href":"https:\/\/finaobiotech.com\/es\/wp-json\/wp\/v2\/pages"}],"about":[{"href":"https:\/\/finaobiotech.com\/es\/wp-json\/wp\/v2\/types\/page"}],"author":[{"embeddable":true,"href":"https:\/\/finaobiotech.com\/es\/wp-json\/wp\/v2\/users\/1"}],"replies":[{"embeddable":true,"href":"https:\/\/finaobiotech.com\/es\/wp-json\/wp\/v2\/comments?post=108"}],"version-history":[{"count":8,"href":"https:\/\/finaobiotech.com\/es\/wp-json\/wp\/v2\/pages\/108\/revisions"}],"predecessor-version":[{"id":153,"href":"https:\/\/finaobiotech.com\/es\/wp-json\/wp\/v2\/pages\/108\/revisions\/153"}],"wp:attachment":[{"href":"https:\/\/finaobiotech.com\/es\/wp-json\/wp\/v2\/media?parent=108"}],"curies":[{"name":"wp","href":"https:\/\/api.w.org\/{rel}","templated":true}]}}