{"id":72,"date":"2024-10-01T22:32:49","date_gmt":"2024-10-01T22:32:49","guid":{"rendered":"https:\/\/new.finaobiotech.com\/?page_id=72"},"modified":"2024-10-02T13:21:09","modified_gmt":"2024-10-02T13:21:09","slug":"biorepair","status":"publish","type":"page","link":"https:\/\/finaobiotech.com\/es\/produtos\/biorepair\/","title":{"rendered":"BioRepair\u00ae"},"content":{"rendered":"<div class=\"wpb-content-wrapper\"><div data-parent=\"true\" class=\"vc_row row-container\" id=\"row-unique-0\"><div class=\"row limit-width row-parent\"><div class=\"wpb_row row-inner\"><div class=\"wpb_column pos-top pos-center align_left column_parent col-lg-12 single-internal-gutter\"><div class=\"uncol style-light\"  ><div class=\"uncoltable\"><div class=\"uncell no-block-padding\" ><div class=\"uncont\" ><div class=\"vc_custom_heading_wrap\"><div class=\"heading-text el-text\" ><h1 class=\"h1\" ><span>BioRepair\u00ae<\/span><\/h1><\/div><div class=\"clear\"><\/div><\/div><div class=\"vc_row row-internal row-container\"><div class=\"row row-child\"><div class=\"wpb_row row-inner\"><div class=\"wpb_column pos-top pos-center align_left column_child col-lg-6 single-internal-gutter\"><div class=\"uncol style-light\" ><div class=\"uncoltable\"><div class=\"uncell no-block-padding\" ><div class=\"uncont\" ><div class=\"uncode-single-media  text-left\"><div class=\"single-wrapper\" style=\"max-width: 100%;\"><div class=\"tmb tmb-light  tmb-media-first tmb-media-last tmb-content-overlay tmb-no-bg\"><div class=\"t-inside\"><div class=\"t-entry-visual\"><div class=\"t-entry-visual-tc\"><div class=\"uncode-single-media-wrapper\"><img decoding=\"async\" class=\"wp-image-63\" src=\"https:\/\/finaobiotech.com\/wp-content\/uploads\/2024\/10\/BiorepairGlobal-removebg-7-1024x700-1.png\" width=\"1024\" height=\"700\" alt=\"\" srcset=\"https:\/\/finaobiotech.com\/wp-content\/uploads\/2024\/10\/BiorepairGlobal-removebg-7-1024x700-1.png 1024w, https:\/\/finaobiotech.com\/wp-content\/uploads\/2024\/10\/BiorepairGlobal-removebg-7-1024x700-1-300x205.png 300w, https:\/\/finaobiotech.com\/wp-content\/uploads\/2024\/10\/BiorepairGlobal-removebg-7-1024x700-1-768x525.png 768w, https:\/\/finaobiotech.com\/wp-content\/uploads\/2024\/10\/BiorepairGlobal-removebg-7-1024x700-1-350x239.png 350w\" sizes=\"(max-width: 1024px) 100vw, 1024px\" \/><\/div>\n\t\t\t\t\t<\/div>\n\t\t\t\t<\/div><\/div><\/div><\/div><\/div><\/div><\/div><\/div><\/div><\/div><div class=\"wpb_column pos-top pos-center align_left column_child col-lg-6 single-internal-gutter\"><div class=\"uncol style-light\" ><div class=\"uncoltable\"><div class=\"uncell no-block-padding\" ><div class=\"uncont\" ><\/div><\/div><\/div><\/div><\/div><\/div><\/div><\/div><div class=\"uncode_text_column text-justify\" ><p><strong>BioRepair\u00ae es una l\u00ednea de productos de higiene oral a base de nanopart\u00edculas bioactivas de hidroxiapatita de zinc, cient\u00edficamente demostrada, que permiten la reconstituci\u00f3n del esmalte y la reducci\u00f3n de la sensibilidad dentaria.<\/strong><\/p>\n<\/div><\/div><\/div><\/div><\/div><\/div><script id=\"script-row-unique-0\" data-row=\"script-row-unique-0\" type=\"text\/javascript\" class=\"vc_controls\">UNCODE.initRow(document.getElementById(\"row-unique-0\"));<\/script><\/div><\/div><\/div><div data-parent=\"true\" class=\"vc_row row-container\" id=\"row-unique-1\"><div class=\"row limit-width row-parent\"><div class=\"wpb_row row-inner\"><div class=\"wpb_column pos-top pos-center align_left column_parent col-lg-12 single-internal-gutter\"><div class=\"uncol style-light\"  ><div class=\"uncoltable\"><div class=\"uncell no-block-padding\" ><div class=\"uncont\" ><div class=\"vc_custom_heading_wrap\"><div class=\"heading-text el-text\" ><h2 class=\"h2\" ><span>\u00bfQu\u00e9 es la tecnolog\u00eda Biorepair\u00ae MicroRepair\u00ae?<\/span><\/h2><\/div><div class=\"clear\"><\/div><\/div><div class=\"uncode_text_column text-justify\" ><p>MicroRepair\u00ae son part\u00edculas compuestas de hidroxiapatita biomim\u00e9tica, similar al esmalte dental.<br \/>\nLas part\u00edculas MicroRepair\u00ae se infiltran en los peque\u00f1os poros que aparecen en la superficie del esmalte dental, rellenando los poros y reconstruyendo la estructura original del esmalte.<\/p>\n<\/div><\/div><\/div><\/div><\/div><\/div><script id=\"script-row-unique-1\" data-row=\"script-row-unique-1\" type=\"text\/javascript\" class=\"vc_controls\">UNCODE.initRow(document.getElementById(\"row-unique-1\"));<\/script><\/div><\/div><\/div><div data-parent=\"true\" class=\"vc_row row-container\" id=\"row-unique-2\"><div class=\"row limit-width row-parent\"><div class=\"wpb_row row-inner\"><div class=\"wpb_column pos-top pos-center align_left column_parent col-lg-12 single-internal-gutter\"><div class=\"uncol style-light\"  ><div class=\"uncoltable\"><div class=\"uncell no-block-padding\" ><div class=\"uncont\" ><div class=\"vc_custom_heading_wrap\"><div class=\"heading-text el-text\" ><h2 class=\"h2\" ><span>\u00bfCu\u00e1les son las causas de la sensibilidad dental?<\/span><\/h2><\/div><div class=\"clear\"><\/div><\/div><div class=\"uncode_text_column text-justify\" ><p>Cada d\u00eda, nuestros dientes est\u00e1n expuestos a los efectos de los alimentos y bebidas, que pueden causar peque\u00f1as imperfecciones y ara\u00f1azos en el esmalte.<br \/>\nCon el tiempo, los dientes se vuelven \u00e1speros, porosos y, eventualmente, sensibles.<br \/>\nLa sensibilidad dental causa dolor y tambi\u00e9n puede provocar la retracci\u00f3n de las enc\u00edas, una afecci\u00f3n que expone gradualmente los t\u00fabulos que transmiten la sensaci\u00f3n de incomodidad causada por el calor o el fr\u00edo directamente al nervio del diente.<\/p>\n<\/div><\/div><\/div><\/div><\/div><\/div><script id=\"script-row-unique-2\" data-row=\"script-row-unique-2\" type=\"text\/javascript\" class=\"vc_controls\">UNCODE.initRow(document.getElementById(\"row-unique-2\"));<\/script><\/div><\/div><\/div><div data-parent=\"true\" class=\"vc_row row-container\" id=\"row-unique-3\"><div class=\"row limit-width row-parent\"><div class=\"wpb_row row-inner\"><div class=\"wpb_column pos-top pos-center align_left column_parent col-lg-12 single-internal-gutter\"><div class=\"uncol style-light\"  ><div class=\"uncoltable\"><div class=\"uncell no-block-padding\" ><div class=\"uncont\" ><div class=\"vc_custom_heading_wrap\"><div class=\"heading-text el-text\" ><h2 class=\"h2\" ><span>\u00bfPor qu\u00e9 BioRepair\u00ae act\u00faa tan r\u00e1pidamente?<\/span><\/h2><\/div><div class=\"clear\"><\/div><\/div><div class=\"uncode_text_column text-justify\" ><p>La capa superficial da\u00f1ada del esmalte y la dentina debe repararse para combatir la sensibilidad dental.<br \/>\nGracias a MicroRepair\u00ae, el dent\u00edfrico BioRepair\u00ae repara el esmalte dental lig\u00e1ndose qu\u00edmicamente a \u00e9l y a la dentina, sellando los t\u00fabulos e impidiendo que los est\u00edmulos de calor y fr\u00edo lleguen al nervio dentario. Previene tambi\u00e9n la erosi\u00f3n del esmalte, actuando contra la decoloraci\u00f3n del blanco natural del diente.<br \/>\nPara obtener resultados a\u00fan m\u00e1s eficaces, BioRepair\u00ae puede aplicarse directamente sobre la base del diente sensible, masajeando suavemente durante 30 segundos.<\/p>\n<\/div><\/div><\/div><\/div><\/div><\/div><script id=\"script-row-unique-3\" data-row=\"script-row-unique-3\" type=\"text\/javascript\" class=\"vc_controls\">UNCODE.initRow(document.getElementById(\"row-unique-3\"));<\/script><\/div><\/div><\/div>\n<\/div>","protected":false},"excerpt":{"rendered":"BioRepair\u00ae BioRepair\u00ae \u00e9 uma linha de produtos de higiene oral baseada em nanopart\u00edculas bioativas de hidroxiapatita de zinco, cientificamente demonstradas, [...]","protected":false},"author":1,"featured_media":0,"parent":62,"menu_order":0,"comment_status":"closed","ping_status":"closed","template":"","meta":{"footnotes":""},"class_list":["post-72","page","type-page","status-publish","hentry"],"_links":{"self":[{"href":"https:\/\/finaobiotech.com\/es\/wp-json\/wp\/v2\/pages\/72","targetHints":{"allow":["GET"]}}],"collection":[{"href":"https:\/\/finaobiotech.com\/es\/wp-json\/wp\/v2\/pages"}],"about":[{"href":"https:\/\/finaobiotech.com\/es\/wp-json\/wp\/v2\/types\/page"}],"author":[{"embeddable":true,"href":"https:\/\/finaobiotech.com\/es\/wp-json\/wp\/v2\/users\/1"}],"replies":[{"embeddable":true,"href":"https:\/\/finaobiotech.com\/es\/wp-json\/wp\/v2\/comments?post=72"}],"version-history":[{"count":5,"href":"https:\/\/finaobiotech.com\/es\/wp-json\/wp\/v2\/pages\/72\/revisions"}],"predecessor-version":[{"id":152,"href":"https:\/\/finaobiotech.com\/es\/wp-json\/wp\/v2\/pages\/72\/revisions\/152"}],"up":[{"embeddable":true,"href":"https:\/\/finaobiotech.com\/es\/wp-json\/wp\/v2\/pages\/62"}],"wp:attachment":[{"href":"https:\/\/finaobiotech.com\/es\/wp-json\/wp\/v2\/media?parent=72"}],"curies":[{"name":"wp","href":"https:\/\/api.w.org\/{rel}","templated":true}]}}