{"id":95,"date":"2024-10-01T23:02:15","date_gmt":"2024-10-01T23:02:15","guid":{"rendered":"https:\/\/new.finaobiotech.com\/?page_id=95"},"modified":"2024-10-02T14:06:03","modified_gmt":"2024-10-02T14:06:03","slug":"izyfoods-articulacoes","status":"publish","type":"page","link":"https:\/\/finaobiotech.com\/es\/produtos\/izyfoods-articulacoes\/","title":{"rendered":"Izyfoods\u00ae Articulaciones"},"content":{"rendered":"<div class=\"wpb-content-wrapper\"><div data-parent=\"true\" class=\"vc_row row-container\" id=\"row-unique-0\"><div class=\"row limit-width row-parent\"><div class=\"wpb_row row-inner\"><div class=\"wpb_column pos-top pos-center align_left column_parent col-lg-12 single-internal-gutter\"><div class=\"uncol style-light\"  ><div class=\"uncoltable\"><div class=\"uncell no-block-padding\" ><div class=\"uncont\" ><div class=\"vc_custom_heading_wrap\"><div class=\"heading-text el-text\" ><h1 class=\"h1\" ><span>Izyfoods\u00ae Articulaciones<\/span><\/h1><\/div><div class=\"clear\"><\/div><\/div><div class=\"vc_row row-internal row-container\"><div class=\"row row-child\"><div class=\"wpb_row row-inner\"><div class=\"wpb_column pos-top pos-center align_left column_child col-lg-3 single-internal-gutter\"><div class=\"uncol style-light\" ><div class=\"uncoltable\"><div class=\"uncell no-block-padding\" ><div class=\"uncont\" ><div class=\"uncode-single-media  text-left\"><div class=\"single-wrapper\" style=\"max-width: 100%;\"><div class=\"tmb tmb-light  tmb-media-first tmb-media-last tmb-content-overlay tmb-no-bg\"><div class=\"t-inside\"><div class=\"t-entry-visual\"><div class=\"t-entry-visual-tc\"><div class=\"uncode-single-media-wrapper\"><img decoding=\"async\" class=\"wp-image-68\" src=\"https:\/\/finaobiotech.com\/wp-content\/uploads\/2024\/10\/izyfoods-articulacoes-copy-500x500-1.png\" width=\"500\" height=\"500\" alt=\"\" srcset=\"https:\/\/finaobiotech.com\/wp-content\/uploads\/2024\/10\/izyfoods-articulacoes-copy-500x500-1.png 500w, https:\/\/finaobiotech.com\/wp-content\/uploads\/2024\/10\/izyfoods-articulacoes-copy-500x500-1-300x300.png 300w, https:\/\/finaobiotech.com\/wp-content\/uploads\/2024\/10\/izyfoods-articulacoes-copy-500x500-1-150x150.png 150w, https:\/\/finaobiotech.com\/wp-content\/uploads\/2024\/10\/izyfoods-articulacoes-copy-500x500-1-350x350.png 350w, https:\/\/finaobiotech.com\/wp-content\/uploads\/2024\/10\/izyfoods-articulacoes-copy-500x500-1-348x348.png 348w\" sizes=\"(max-width: 500px) 100vw, 500px\" \/><\/div>\n\t\t\t\t\t<\/div>\n\t\t\t\t<\/div><\/div><\/div><\/div><\/div><\/div><\/div><\/div><\/div><\/div><div class=\"wpb_column pos-top pos-center align_left column_child col-lg-9 single-internal-gutter\"><div class=\"uncol style-light\" ><div class=\"uncoltable\"><div class=\"uncell no-block-padding\" ><div class=\"uncont\" ><\/div><\/div><\/div><\/div><\/div><\/div><\/div><\/div><div class=\"uncode_text_column text-justify\" ><p>Un suplemento alimenticio innovador que combina UC-II\u00ae con el antiinflamatorio natural bromela\u00edna y vitamina C.<\/p>\n<p>UC-II\u00ae es un col\u00e1geno extra\u00eddo mediante un m\u00e9todo patentado que preserva su estructura terciaria bioactiva.<\/p>\n<p>La conservaci\u00f3n de la estructura terciaria es esencial para su actividad.<\/p>\n<p>El UC-II\u00ae se liga a las placas de Peyer, lo que permite su absorci\u00f3n por el organismo. La absorci\u00f3n natural induce la producci\u00f3n de c\u00e9lulas T que producen sustancias esenciales para la reconstrucci\u00f3n del cart\u00edlago.<\/p>\n<p>La absorci\u00f3n natural induce la producci\u00f3n de c\u00e9lulas T que producen sustancias esenciales para la reconstrucci\u00f3n del cart\u00edlago.  El proceso natural de reconstrucci\u00f3n y reparaci\u00f3n del cart\u00edlago mejora la flexibilidad y la movilidad<\/p>\n<p>Como antiinflamatorio natural, la bromelina no provoca efectos secundarios como dolor de est\u00f3mago, que son comunes con otros medicamentos antiinflamatorios.<\/p>\n<p>Adem\u00e1s, evita posibles interacciones con otros medicamentos. \nLa vitamina C favorece la fijaci\u00f3n y la s\u00edntesis de col\u00e1geno<\/p>\n<p>Izyfoods\u00ae Articulaciones reduce la inflamaci\u00f3n, favorece el confort articular aumentando la flexibilidad y la reconstrucci\u00f3n del cart\u00edlago.<\/p>\n<\/div><\/div><\/div><\/div><\/div><\/div><script id=\"script-row-unique-0\" data-row=\"script-row-unique-0\" type=\"text\/javascript\" class=\"vc_controls\">UNCODE.initRow(document.getElementById(\"row-unique-0\"));<\/script><\/div><\/div><\/div>\n<\/div>","protected":false},"excerpt":{"rendered":"Izyfoods\u00ae Articula\u00e7\u00f5es Um suplemento alimentar inovador que associa o UC-II\u00ae ao antiinflamat\u00f3rio natural bromela\u00edna e \u00e0 vitamina C. O UC-II\u00ae [...]","protected":false},"author":1,"featured_media":0,"parent":62,"menu_order":0,"comment_status":"closed","ping_status":"closed","template":"","meta":{"footnotes":""},"class_list":["post-95","page","type-page","status-publish","hentry"],"_links":{"self":[{"href":"https:\/\/finaobiotech.com\/es\/wp-json\/wp\/v2\/pages\/95","targetHints":{"allow":["GET"]}}],"collection":[{"href":"https:\/\/finaobiotech.com\/es\/wp-json\/wp\/v2\/pages"}],"about":[{"href":"https:\/\/finaobiotech.com\/es\/wp-json\/wp\/v2\/types\/page"}],"author":[{"embeddable":true,"href":"https:\/\/finaobiotech.com\/es\/wp-json\/wp\/v2\/users\/1"}],"replies":[{"embeddable":true,"href":"https:\/\/finaobiotech.com\/es\/wp-json\/wp\/v2\/comments?post=95"}],"version-history":[{"count":5,"href":"https:\/\/finaobiotech.com\/es\/wp-json\/wp\/v2\/pages\/95\/revisions"}],"predecessor-version":[{"id":158,"href":"https:\/\/finaobiotech.com\/es\/wp-json\/wp\/v2\/pages\/95\/revisions\/158"}],"up":[{"embeddable":true,"href":"https:\/\/finaobiotech.com\/es\/wp-json\/wp\/v2\/pages\/62"}],"wp:attachment":[{"href":"https:\/\/finaobiotech.com\/es\/wp-json\/wp\/v2\/media?parent=95"}],"curies":[{"name":"wp","href":"https:\/\/api.w.org\/{rel}","templated":true}]}}